{"id":1627,"date":"2020-04-30T14:09:04","date_gmt":"2020-04-30T14:09:04","guid":{"rendered":"https:\/\/www.helpdeskcom.net\/hdcwp\/?post_type=product&#038;p=1627"},"modified":"2020-05-26T12:15:58","modified_gmt":"2020-05-26T12:15:58","slug":"facedepot-7a-2","status":"publish","type":"product","link":"https:\/\/www.helpdeskcom.net\/hdcwp\/producto\/facedepot-7a-2\/","title":{"rendered":"FaceDepot-7A"},"content":{"rendered":"<p>[et_pb_section fb_built=\u00bb1&#8243; _builder_version=\u00bb3.22&#8243; custom_padding=\u00bb0px||||false|false\u00bb][et_pb_row _builder_version=\u00bb3.25&#8243; background_size=\u00bbinitial\u00bb background_position=\u00bbtop_left\u00bb background_repeat=\u00bbrepeat\u00bb width=\u00bb100%\u00bb custom_padding=\u00bb0px||0px||false|false\u00bb][et_pb_column type=\u00bb4_4&#8243; _builder_version=\u00bb3.25&#8243; custom_padding=\u00bb|||\u00bb custom_padding__hover=\u00bb|||\u00bb][et_pb_wc_breadcrumb _builder_version=\u00bb3.0.47&#8243;][\/et_pb_wc_breadcrumb][et_pb_wc_cart_notice _builder_version=\u00bb3.0.47&#8243;][\/et_pb_wc_cart_notice][\/et_pb_column][\/et_pb_row][et_pb_row column_structure=\u00bb1_2,1_2&#8243; _builder_version=\u00bb3.25&#8243; background_size=\u00bbinitial\u00bb background_position=\u00bbtop_left\u00bb background_repeat=\u00bbrepeat\u00bb width=\u00bb100%\u00bb custom_padding=\u00bb0px||||false|false\u00bb][et_pb_column type=\u00bb1_2&#8243; _builder_version=\u00bb3.25&#8243; custom_padding=\u00bb|||\u00bb custom_padding__hover=\u00bb|||\u00bb][et_pb_wc_images _builder_version=\u00bb3.0.47&#8243;][\/et_pb_wc_images][\/et_pb_column][et_pb_column type=\u00bb1_2&#8243; _builder_version=\u00bb3.25&#8243; custom_padding=\u00bb|||\u00bb custom_padding__hover=\u00bb|||\u00bb][et_pb_wc_title _builder_version=\u00bb3.0.47&#8243;][\/et_pb_wc_title][et_pb_wc_rating _builder_version=\u00bb3.0.47&#8243;][\/et_pb_wc_rating][et_pb_wc_price _builder_version=\u00bb3.0.47&#8243;][\/et_pb_wc_price][et_pb_wc_description _builder_version=\u00bb3.0.47&#8243;][\/et_pb_wc_description][et_pb_wc_add_to_cart _builder_version=\u00bb3.0.47&#8243;][\/et_pb_wc_add_to_cart][et_pb_wc_meta _builder_version=\u00bb3.0.47&#8243;][\/et_pb_wc_meta][\/et_pb_column][\/et_pb_row][et_pb_row _builder_version=\u00bb3.25&#8243; background_size=\u00bbinitial\u00bb background_position=\u00bbtop_left\u00bb background_repeat=\u00bbrepeat\u00bb width=\u00bb100%\u00bb][et_pb_column type=\u00bb4_4&#8243; _builder_version=\u00bb3.25&#8243; custom_padding=\u00bb|||\u00bb custom_padding__hover=\u00bb|||\u00bb][et_pb_wc_tabs _builder_version=\u00bb3.0.47&#8243;]\t\t\t\t\t[\/et_pb_wc_tabs][et_pb_tabs _builder_version=\u00bb4.4.4&#8243; custom_padding=\u00bb|||30px||\u00bb][et_pb_tab title=\u00bbEspecificaciones\u00bb _builder_version=\u00bb4.4.4&#8243;]<\/p>\n<p><strong>Modelo<\/strong>\u00a0 FaceDepot-7A<br \/> <span style=\"text-decoration: underline;\"><strong>Hardware\u00a0<\/strong><\/span><br \/> <strong>Pantalla\u00a0<\/strong> 7\u201d (1080x720px)<br \/> <strong>CPU<\/strong>\u00a0 Quad-core A17 1.8GHz<br \/> Potenciado por Zkteco<br \/> <strong>Memoria<\/strong> 2G RAM\/16G ROM<br \/> <strong>C\u00e1mara\u00a0<\/strong> 2 MP (Doble lente)<br \/> <strong>Comunicaci\u00f3n\u00a0<\/strong> TCP\/IP, USB x2, Entrada\/Salida Wiegand, ADMS, RS232 (Funci\u00f3n Opcional)<br \/> <strong>Conexiones de Acceso<\/strong>\u00a0 Rel\u00e9 de Puerta, Sensor de Puerta, Alarma, Bot\u00f3n de Salida y Salida Aux<br \/> <strong>Audio\u00a0<\/strong> 2 Altavoces<br \/> <strong>Sistema Operativo<\/strong>\u00a0 Android 5.1.1<br \/> <strong>Software\u00a0<\/strong> ZKBioAccess, ZKBiosecurity3.2+, BioTime Pro*<\/p>\n<p><span style=\"text-decoration: underline;\"><strong>Capacidad<\/strong><\/span><\/p>\n<p><strong>Usuarios\u00a0<\/strong> 10,000<span style=\"text-decoration: underline;\"><strong><\/strong><\/span><\/p>\n<p><strong>\u00a0Rostros<\/strong>\u00a0 10,000<\/p>\n<p><strong>Registros<\/strong>\u00a0 100,000<\/p>\n<p><span style=\"text-decoration: underline;\"><strong>Operaci\u00f3n<\/strong><\/span><\/p>\n<p><strong>Energ\u00eda\u00a0 <\/strong>12V 3A<\/p>\n<p><strong>Humedad<\/strong>\u00a0 10% hasta 90%<\/p>\n<p><strong>Temperatura Ambiente<\/strong>\u00a0 -10\u00b0C hasta 45\u00b0C<\/p>\n<p>[\/et_pb_tab][et_pb_tab title=\u00bbDescargas\u00bb _builder_version=\u00bb4.4.4&#8243;]<\/p>\n<p><a href=\"https:\/\/www.helpdeskcom.net\/hdcwp\/wp-content\/uploads\/2020\/04\/FaceDepot-7A-1.pdf\" rel=\"attachment wp-att-1635\">FaceDepot-7A Manual<\/a><\/p>\n<p><a href=\"https:\/\/www.helpdeskcom.net\/hdcwp\/wp-content\/uploads\/2020\/04\/TerminalesAndroidConBiometriaAI_Folleto.pdf\" rel=\"attachment wp-att-1637\">TerminalesAndroidConBiometriaAI_Folleto<\/a><\/p>\n<p>[\/et_pb_tab][\/et_pb_tabs][et_pb_wc_upsells _builder_version=\u00bb3.0.47&#8243;][\/et_pb_wc_upsells][et_pb_wc_related_products _builder_version=\u00bb3.0.47&#8243;][\/et_pb_wc_related_products][\/et_pb_column][\/et_pb_row][\/et_pb_section]<\/p>\n","protected":false},"excerpt":{"rendered":"<p>Terminal de control de acceso con reconocimiento facial<\/p>\n","protected":false},"featured_media":1621,"template":"","meta":{"_et_pb_use_builder":"on","_et_pb_old_content":"<strong>Amplia distancia y \u00e1ngulo de reconocimiento facial<\/strong>\r\n\r\nEl nuevo algoritmo visible light permite el reconocimiento facial a hasta 3 metros de distancia, lo que mejora significativamente la tasa de tr\u00e1fico m\u00e1xima.\r\n\r\nOtros algoritmos faciales s\u00f3lo admiten reconocimiento de rostros a un \u00e1ngulo de 15 grados, el algoritmo visible light de ZKTeco admite el reconocimiento de rostros con un \u00e1ngulo de inclinaci\u00f3n de hasta 30 grados.","_et_gb_content_width":""},"product_cat":[39],"product_tag":[],"_links":{"self":[{"href":"https:\/\/www.helpdeskcom.net\/hdcwp\/wp-json\/wp\/v2\/product\/1627"}],"collection":[{"href":"https:\/\/www.helpdeskcom.net\/hdcwp\/wp-json\/wp\/v2\/product"}],"about":[{"href":"https:\/\/www.helpdeskcom.net\/hdcwp\/wp-json\/wp\/v2\/types\/product"}],"wp:featuredmedia":[{"embeddable":true,"href":"https:\/\/www.helpdeskcom.net\/hdcwp\/wp-json\/wp\/v2\/media\/1621"}],"wp:attachment":[{"href":"https:\/\/www.helpdeskcom.net\/hdcwp\/wp-json\/wp\/v2\/media?parent=1627"}],"wp:term":[{"taxonomy":"product_cat","embeddable":true,"href":"https:\/\/www.helpdeskcom.net\/hdcwp\/wp-json\/wp\/v2\/product_cat?post=1627"},{"taxonomy":"product_tag","embeddable":true,"href":"https:\/\/www.helpdeskcom.net\/hdcwp\/wp-json\/wp\/v2\/product_tag?post=1627"}],"curies":[{"name":"wp","href":"https:\/\/api.w.org\/{rel}","templated":true}]}}