{"id":1389,"date":"2018-07-23T22:01:26","date_gmt":"2018-07-23T22:01:26","guid":{"rendered":"https:\/\/www.helpdeskcom.net\/hdcwp\/?post_type=product&#038;p=1389"},"modified":"2020-05-26T12:24:18","modified_gmt":"2020-05-26T12:24:18","slug":"mainboard-asus-z370-a-prime-8va","status":"publish","type":"product","link":"https:\/\/www.helpdeskcom.net\/hdcwp\/producto\/mainboard-asus-z370-a-prime-8va\/","title":{"rendered":"Mainboard ASUS Z370-A Prime 8va"},"content":{"rendered":"","protected":false},"excerpt":{"rendered":"<ul>\n<li>Z\u00f3calo LGA1151 para la 8\u00aa gen. de procesadores Intel\u00ae Core\u2122.<\/li>\n<li>5-Way Optimization: Acelera el rendimiento general de tu sistema con un clic y optimiza la refrigeraci\u00f3n de la GPU y la CPU de forma inteligente.<\/li>\n<li>ASUS OptiMem: Circuito de memoria optimizado para preservar la integridad de la se\u00f1al y potenciar el rango de overclocking.<\/li>\n<li>Refrigeraci\u00f3n l\u00edder: Controles exhaustivos para sistemas por aire y l\u00edquido accesibles desde Fan Xpert 4 software y ASUS UEFI.<\/li>\n<li>Conectividad de pr\u00f3xima gen.: Soporte Intel Optane, Thunderbolt 3 y dos M.2.<\/li>\n<li>Disipador M.2: Enfr\u00eda la unidad M.2 hasta 20\u00b0C para que trabaje en las mejores condiciones posibles.<\/li>\n<li>ASUS Aura Sync: Iluminaci\u00f3n RGB sincronizable con un amplio portafolio de dispositivos PC.<\/li>\n<\/ul>\n","protected":false},"featured_media":1393,"template":"","meta":{"_et_pb_use_builder":"","_et_pb_old_content":"","_et_gb_content_width":""},"product_cat":[32],"product_tag":[],"_links":{"self":[{"href":"https:\/\/www.helpdeskcom.net\/hdcwp\/wp-json\/wp\/v2\/product\/1389"}],"collection":[{"href":"https:\/\/www.helpdeskcom.net\/hdcwp\/wp-json\/wp\/v2\/product"}],"about":[{"href":"https:\/\/www.helpdeskcom.net\/hdcwp\/wp-json\/wp\/v2\/types\/product"}],"wp:featuredmedia":[{"embeddable":true,"href":"https:\/\/www.helpdeskcom.net\/hdcwp\/wp-json\/wp\/v2\/media\/1393"}],"wp:attachment":[{"href":"https:\/\/www.helpdeskcom.net\/hdcwp\/wp-json\/wp\/v2\/media?parent=1389"}],"wp:term":[{"taxonomy":"product_cat","embeddable":true,"href":"https:\/\/www.helpdeskcom.net\/hdcwp\/wp-json\/wp\/v2\/product_cat?post=1389"},{"taxonomy":"product_tag","embeddable":true,"href":"https:\/\/www.helpdeskcom.net\/hdcwp\/wp-json\/wp\/v2\/product_tag?post=1389"}],"curies":[{"name":"wp","href":"https:\/\/api.w.org\/{rel}","templated":true}]}}