{"id":1311,"date":"2018-07-05T19:18:16","date_gmt":"2018-07-05T19:18:16","guid":{"rendered":"https:\/\/www.helpdeskcom.net\/hdcwp\/?post_type=product&#038;p=1311"},"modified":"2018-07-05T19:20:21","modified_gmt":"2018-07-05T19:20:21","slug":"plan-avanzado","status":"publish","type":"product","link":"https:\/\/www.helpdeskcom.net\/hdcwp\/producto\/plan-avanzado\/","title":{"rendered":"Plan Avanzado"},"content":{"rendered":"<ul class=\"et_pb_pricing\">\n<li>Sitio de 13 P\u00e1ginas<\/li>\n<li>Dis\u00f1o a la medida<\/li>\n<li>Slider con 4 im\u00e1genes<\/li>\n<li>Dise\u00f1o Responsivo<\/li>\n<li>Contenido Modificable<\/li>\n<li>Certificado SLL<\/li>\n<li>Tienda con 20 productos<\/li>\n<li>20 Cuentas de Correo<\/li>\n<li>Anuncio en Google<\/li>\n<li>Servicio SEO<\/li>\n<\/ul>\n","protected":false},"excerpt":{"rendered":"<p>Sitio de 13 P\u00e1ginas Dis\u00f1o a la medida Slider con 4 im\u00e1genes Dise\u00f1o Responsivo Contenido Modificable Certificado SLL Tienda con 20 productos 20 Cuentas de Correo Anuncio en Google Servicio SEO<\/p>\n","protected":false},"featured_media":1312,"template":"","meta":{"_et_pb_use_builder":"","_et_pb_old_content":"","_et_gb_content_width":""},"product_cat":[28],"product_tag":[],"_links":{"self":[{"href":"https:\/\/www.helpdeskcom.net\/hdcwp\/wp-json\/wp\/v2\/product\/1311"}],"collection":[{"href":"https:\/\/www.helpdeskcom.net\/hdcwp\/wp-json\/wp\/v2\/product"}],"about":[{"href":"https:\/\/www.helpdeskcom.net\/hdcwp\/wp-json\/wp\/v2\/types\/product"}],"wp:featuredmedia":[{"embeddable":true,"href":"https:\/\/www.helpdeskcom.net\/hdcwp\/wp-json\/wp\/v2\/media\/1312"}],"wp:attachment":[{"href":"https:\/\/www.helpdeskcom.net\/hdcwp\/wp-json\/wp\/v2\/media?parent=1311"}],"wp:term":[{"taxonomy":"product_cat","embeddable":true,"href":"https:\/\/www.helpdeskcom.net\/hdcwp\/wp-json\/wp\/v2\/product_cat?post=1311"},{"taxonomy":"product_tag","embeddable":true,"href":"https:\/\/www.helpdeskcom.net\/hdcwp\/wp-json\/wp\/v2\/product_tag?post=1311"}],"curies":[{"name":"wp","href":"https:\/\/api.w.org\/{rel}","templated":true}]}}