{"id":1309,"date":"2018-07-05T19:13:57","date_gmt":"2018-07-05T19:13:57","guid":{"rendered":"https:\/\/www.helpdeskcom.net\/hdcwp\/?post_type=product&#038;p=1309"},"modified":"2018-07-05T19:16:26","modified_gmt":"2018-07-05T19:16:26","slug":"plan-profesional","status":"publish","type":"product","link":"https:\/\/www.helpdeskcom.net\/hdcwp\/producto\/plan-profesional\/","title":{"rendered":"Plan Profesional"},"content":{"rendered":"<ul>\n<li>Sitio de 8 P\u00e1ginas<\/li>\n<li>Dise\u00f1o a la medida<\/li>\n<li>Slider con 2 im\u00e1genes<\/li>\n<li>Dise\u00f1o Responsivo<\/li>\n<li>Contenido Modificable<\/li>\n<li>Certificado SLL<\/li>\n<li>6 Cuentas de Correo<\/li>\n<li>Tienda con 10 productos<\/li>\n<li>Servicio SEO<\/li>\n<\/ul>\n","protected":false},"excerpt":{"rendered":"<p>Sitio de 8 P\u00e1ginas Dise\u00f1o a la medida Slider con 2 im\u00e1genes Dise\u00f1o Responsivo Contenido Modificable Certificado SLL 6 Cuentas de Correo Tienda con 10 productos Servicio SEO<\/p>\n","protected":false},"featured_media":1310,"template":"","meta":{"_et_pb_use_builder":"","_et_pb_old_content":"","_et_gb_content_width":""},"product_cat":[28],"product_tag":[],"_links":{"self":[{"href":"https:\/\/www.helpdeskcom.net\/hdcwp\/wp-json\/wp\/v2\/product\/1309"}],"collection":[{"href":"https:\/\/www.helpdeskcom.net\/hdcwp\/wp-json\/wp\/v2\/product"}],"about":[{"href":"https:\/\/www.helpdeskcom.net\/hdcwp\/wp-json\/wp\/v2\/types\/product"}],"wp:featuredmedia":[{"embeddable":true,"href":"https:\/\/www.helpdeskcom.net\/hdcwp\/wp-json\/wp\/v2\/media\/1310"}],"wp:attachment":[{"href":"https:\/\/www.helpdeskcom.net\/hdcwp\/wp-json\/wp\/v2\/media?parent=1309"}],"wp:term":[{"taxonomy":"product_cat","embeddable":true,"href":"https:\/\/www.helpdeskcom.net\/hdcwp\/wp-json\/wp\/v2\/product_cat?post=1309"},{"taxonomy":"product_tag","embeddable":true,"href":"https:\/\/www.helpdeskcom.net\/hdcwp\/wp-json\/wp\/v2\/product_tag?post=1309"}],"curies":[{"name":"wp","href":"https:\/\/api.w.org\/{rel}","templated":true}]}}