{"id":1146,"date":"2018-07-03T22:41:02","date_gmt":"2018-07-03T22:41:02","guid":{"rendered":"https:\/\/www.helpdeskcom.net\/hdcwp\/?page_id=1146"},"modified":"2018-07-09T21:56:34","modified_gmt":"2018-07-09T21:56:34","slug":"planes-web-hosting","status":"publish","type":"page","link":"https:\/\/www.helpdeskcom.net\/hdcwp\/planes-web-hosting\/","title":{"rendered":"Planes Web Hosting"},"content":{"rendered":"<p>[et_pb_section fb_built=\u00bb1&#8243; fullwidth=\u00bbon\u00bb _builder_version=\u00bb3.9&#8243; background_color=\u00bb#2ea3f2&#8243; background_color_gradient_direction=\u00bb330deg\u00bb background_image=\u00bbhttps:\/\/www.helpdeskcom.net\/hdcwp\/wp-content\/uploads\/2018\/07\/section-background.jpg\u00bb background_position=\u00bbtop_left\u00bb background_blend=\u00bbmultiply\u00bb][et_pb_fullwidth_header _builder_version=\u00bb3.9&#8243; background_color=\u00bbrgba(255,255,255,0)\u00bb][\/et_pb_fullwidth_header][\/et_pb_section][et_pb_section fb_built=\u00bb1&#8243; _builder_version=\u00bb3.9&#8243; background_color=\u00bb#f7f7f7&#8243;][et_pb_row _builder_version=\u00bb3.0.47&#8243; background_size=\u00bbinitial\u00bb background_position=\u00bbtop_left\u00bb background_repeat=\u00bbrepeat\u00bb][et_pb_column type=\u00bb4_4&#8243; _builder_version=\u00bb3.0.47&#8243; parallax=\u00bboff\u00bb parallax_method=\u00bbon\u00bb][et_pb_text _builder_version=\u00bb3.0.47&#8243; background_size=\u00bbinitial\u00bb background_position=\u00bbtop_left\u00bb background_repeat=\u00bbrepeat\u00bb text_orientation=\u00bbcenter\u00bb module_alignment=\u00bbcenter\u00bb]<\/p>\n<h1>Precios de Planes<\/h1>\n<p>Ecuentra tu plan acorde a tus necesidades, proyecta tu empresa y hazla conocer a todo el mundo, \u00a1A un Clic!.<\/p>\n<p>[\/et_pb_text][et_pb_pricing_tables featured_table_header_background_color=\u00bb#7cda24&#8243; header_background_color=\u00bb#e09900&#8243; featured_table_price_color=\u00bb#eaac00&#8243; admin_label=\u00bbPricing Table\u00bb _builder_version=\u00bb3.9&#8243; header_font=\u00bb||||||||\u00bb body_font=\u00bb||||||||\u00bb price_font=\u00bb||||||||\u00bb price_text_color=\u00bb#6e6e7f\u00bb custom_padding=\u00bb|||\u00bb][et_pb_pricing_table title=\u00bbBasico\u00bb currency=\u00bb$\u00bb sum=\u00bb199&#8243; button_url=\u00bbhttps:\/\/www.helpdeskcom.net\/hdcwp\/producto\/plan-basico\/\u00bb button_text=\u00bbAdquerir\u00bb _builder_version=\u00bb3.9&#8243; body_font=\u00bb||||||||\u00bb custom_padding=\u00bb|||\u00bb custom_padding_last_edited=\u00bboff|desktop\u00bb]<\/p>\n<p>+Sitio de 5 P\u00e1ginas<br \/> +Dise\u00f1o a la Medida<br \/> +Dise\u00f1o Responsivo<br \/> +Certificado SSL<br \/> +2 Cuentas de Correo<br \/> +Servicio SEO<br \/> -Contenido no modificable<br \/> -Sin tienda<br \/> -Sin slider<br \/> -Sin anuncio en Google<\/p>\n<p>[\/et_pb_pricing_table][et_pb_pricing_table featured=\u00bbon\u00bb title=\u00bbProfesional\u00bb subtitle=\u00bbRecomendado\u00bb currency=\u00bb$\u00bb sum=\u00bb399&#8243; button_url=\u00bbhttps:\/\/www.helpdeskcom.net\/hdcwp\/producto\/plan-profesional\/\u00bb button_text=\u00bbAdquerir\u00bb _builder_version=\u00bb3.9&#8243; header_font=\u00bb||||||||\u00bb header_text_color=\u00bb#ffffff\u00bb]<\/p>\n<p>+Sitio de 8 P\u00e1ginas<br \/> +Dise\u00f1o a la medida<br \/> +Slider con 2 im\u00e1genes<br \/> +Dise\u00f1o Responsivo<br \/> +Contenido Modificable<br \/>+Certificado SLL<br \/>+6 Cuentas de Correo<br \/>+Tienda con 10 productos<br \/>+Servicio SEO<br \/> -Sin anuncio en Google<\/p>\n<p>[\/et_pb_pricing_table][et_pb_pricing_table title=\u00bbAvanzado\u00bb currency=\u00bb$\u00bb sum=\u00bb699&#8243; button_url=\u00bbhttps:\/\/www.helpdeskcom.net\/hdcwp\/producto\/plan-avanzado\/\u00bb button_text=\u00bbAdquerir\u00bb _builder_version=\u00bb3.9&#8243;]<\/p>\n<p>+Sitio de 13 P\u00e1ginas<br \/> +Dis\u00f1o a la medida<br \/> +Slider con 4 im\u00e1genes<br \/>+Dise\u00f1o Responsivo<br \/>+Contenido Modificable<br \/>+Certificado SLL<br \/>+Tienda con 20 productos<br \/>+20 Cuentas de Correo<br \/>+Anuncio en Google<br \/>+Servicio SEO<\/p>\n<p>[\/et_pb_pricing_table][\/et_pb_pricing_tables][et_pb_tabs active_tab_background_color=\u00bb#e09900&#8243; inactive_tab_background_color=\u00bb#a8a8a8&#8243; _builder_version=\u00bb3.9&#8243; tab_font=\u00bb||||||||\u00bb tab_text_color=\u00bb#000000&#8243; body_font=\u00bb||||||||\u00bb animation_style=\u00bbslide\u00bb][et_pb_tab title=\u00bbPlan B\u00e1sico\u00bb _builder_version=\u00bb3.9&#8243;]<\/p>\n<ul>\n<li>Espacio de almacenamiento de 750Mb<\/li>\n<li>Trasferencia mensual de 4000Mb<\/li>\n<li>2 Cuentas de correo electr\u00f3nico<\/li>\n<li>Sin acceso FTP<\/li>\n<li>Precio de Hosting Anual $30 + iva<\/li>\n<li>Precio de dominio $13<\/li>\n<\/ul>\n<p>[\/et_pb_tab][et_pb_tab title=\u00bbPlan Profesional\u00bb _builder_version=\u00bb3.9&#8243;]<\/p>\n<ul>\n<li>Espacio de almacenamiento de 1500Mb<\/li>\n<li>Trasferencia mensual de 6000Mb<\/li>\n<li>6 Cuentas de correo electr\u00f3nico<\/li>\n<li>2 cuentas de acceso FTP<\/li>\n<li>Precio de Hosting Anual $60 + iva<\/li>\n<li>Precio de dominio $13<\/li>\n<\/ul>\n<p>[\/et_pb_tab][et_pb_tab title=\u00bbPlan Avanzado\u00bb _builder_version=\u00bb3.9&#8243;]<\/p>\n<ul>\n<li>Espacio de almacenamiento de 3000Mb<\/li>\n<li>Trasferencia mensual de 10000Mb<\/li>\n<li>20 Cuentas de correo electr\u00f3nico<\/li>\n<li>6 cuentas de acceso FTP<\/li>\n<li>Precio de Hosting Anual $80 + iva<\/li>\n<li>Precio de dominio $13<\/li>\n<\/ul>\n<p>[\/et_pb_tab][\/et_pb_tabs][\/et_pb_column][\/et_pb_row][\/et_pb_section]<\/p>\n","protected":false},"excerpt":{"rendered":"<p>Precios de Planes Ecuentra tu plan acorde a tus necesidades, proyecta tu empresa y hazla conocer a todo el mundo, \u00a1A un Clic!.+Sitio de 5 P\u00e1ginas +Dise\u00f1o a la Medida +Dise\u00f1o Responsivo +Certificado SSL +2 Cuentas de Correo +Servicio SEO -Contenido no modificable -Sin tienda -Sin slider -Sin anuncio en Google+Sitio de 8 P\u00e1ginas +Dise\u00f1o [&hellip;]<\/p>\n","protected":false},"author":1,"featured_media":0,"parent":0,"menu_order":0,"comment_status":"closed","ping_status":"closed","template":"","meta":{"_et_pb_use_builder":"on","_et_pb_old_content":"","_et_gb_content_width":"","footnotes":""},"_links":{"self":[{"href":"https:\/\/www.helpdeskcom.net\/hdcwp\/wp-json\/wp\/v2\/pages\/1146"}],"collection":[{"href":"https:\/\/www.helpdeskcom.net\/hdcwp\/wp-json\/wp\/v2\/pages"}],"about":[{"href":"https:\/\/www.helpdeskcom.net\/hdcwp\/wp-json\/wp\/v2\/types\/page"}],"author":[{"embeddable":true,"href":"https:\/\/www.helpdeskcom.net\/hdcwp\/wp-json\/wp\/v2\/users\/1"}],"replies":[{"embeddable":true,"href":"https:\/\/www.helpdeskcom.net\/hdcwp\/wp-json\/wp\/v2\/comments?post=1146"}],"version-history":[{"count":20,"href":"https:\/\/www.helpdeskcom.net\/hdcwp\/wp-json\/wp\/v2\/pages\/1146\/revisions"}],"predecessor-version":[{"id":1332,"href":"https:\/\/www.helpdeskcom.net\/hdcwp\/wp-json\/wp\/v2\/pages\/1146\/revisions\/1332"}],"wp:attachment":[{"href":"https:\/\/www.helpdeskcom.net\/hdcwp\/wp-json\/wp\/v2\/media?parent=1146"}],"curies":[{"name":"wp","href":"https:\/\/api.w.org\/{rel}","templated":true}]}}